{"id":117,"date":"2020-01-20T15:52:06","date_gmt":"2020-01-20T14:52:06","guid":{"rendered":"https:\/\/www.dgit.sk\/?page_id=13"},"modified":"2021-01-22T14:47:14","modified_gmt":"2021-01-22T13:47:14","slug":"uvodna-stranka","status":"publish","type":"page","link":"https:\/\/www.tack.sk\/","title":{"rendered":"\u00davod"},"content":{"rendered":"[vc_row full_width=&#8220;stretch_row&#8220; parallax=&#8220;content-moving&#8220; parallax_image=&#8220;216&#8243; css=&#8220;.vc_custom_1583868055656{padding-top: 38% !important;}&#8220;][vc_column css=&#8220;.vc_custom_1583859971626{padding-top: 45px !important;padding-bottom: 15px !important;}&#8220;][vc_single_image image=&#8220;53&#8243; img_size=&#8220;full&#8220; alignment=&#8220;center&#8220;][\/vc_column][\/vc_row][vc_row full_width=&#8220;stretch_row&#8220; css=&#8220;.vc_custom_1611154863604{padding-bottom: 20px !important;background-color: #828282 !important;}&#8220;][vc_column el_id=&#8220;`{`ps2id id=&#8217;sluzby&#8216; target=&#8220;\/`}`&#8220;][vc_column_text]\n<h1 style=\"text-align: center;\"><span style=\"color: #ffffff;\">it projekty a slu\u017eby, \u0161koliaca \u010dinnos\u0165<\/span><\/h1>\n<h3 style=\"text-align: center;\"><span style=\"color: #ffffff;\">Ak h\u013ead\u00e1te profesion\u00e1lov v t\u00fdchto oblastiach, ste na spr\u00e1vnom mieste<\/span><\/h3>\n[\/vc_column_text][vc_raw_html]JTVCcHMyaWQlMjBpZCUzRCUyN3NsdXpieSUyNyUyMHRhcmdldCUzRCUyNyUyNyUyRiU1RA==[\/vc_raw_html][\/vc_column][\/vc_row][vc_row full_width=&#8220;stretch_row&#8220; css=&#8220;.vc_custom_1580487367226{padding-top: 100px !important;padding-bottom: 60px !important;background-color: #ffffff !important;}&#8220;][vc_column width=&#8220;1\/3&#8243;][vc_single_image image=&#8220;199&#8243; img_size=&#8220;full&#8220; alignment=&#8220;center&#8220;][vc_column_text]\n<h3 style=\"text-align: center;\">KYBERNETICK\u00c1 BEZPE\u010cNOS\u0164, ANALYTIKA A REPORTING<\/h3>\n<ul>\n<li>Realiz\u00e1cia auditov s\u00faladu kybernetickej bezpe\u010dnosti<\/li>\n<li>Realiz\u00e1cia s\u00faladu zhody so z\u00e1konom \u010d. 69\/2018Z. z. a z\u00e1konom \u010d. 95\/2019<\/li>\n<li>Rizikov\u00e1 anal\u00fdza<\/li>\n<li>N\u00e1vrh bezpe\u010dnostn\u00fdch opatren\u00ed<\/li>\n<li>Klasifik\u00e1cia syst\u00e9mov<\/li>\n<li>Vizualiz\u00e1cia v\u00fdstupov vr\u00e1tane n\u00e1vrhu analytick\u00e9ho modelu<\/li>\n<li>Konzulta\u010dn\u00e9 slu\u017eby<\/li>\n<\/ul>\n[\/vc_column_text][\/vc_column][vc_column width=&#8220;1\/3&#8243;][vc_single_image image=&#8220;198&#8243; img_size=&#8220;full&#8220; alignment=&#8220;center&#8220;][vc_column_text]\n<h3 style=\"text-align: center;\">KOMUNIK\u00c1CIA A KOLABOR\u00c1CIA<\/h3>\n<ul>\n<li>Konzulta\u010dn\u00e9 slu\u017eby<\/li>\n<li>\u0160kolenie a testovacia prev\u00e1dzka<\/li>\n<li>Design vhodnej platformy<\/li>\n<\/ul>\n[\/vc_column_text][\/vc_column][vc_column width=&#8220;1\/3&#8243;][vc_single_image image=&#8220;200&#8243; img_size=&#8220;full&#8220; alignment=&#8220;center&#8220;][vc_column_text]\n<h3 style=\"text-align: center;\">VEREJN\u00c9 OBSTAR\u00c1VANIE<\/h3>\n<ul>\n<li>Konzulta\u010dn\u00e9 slu\u017eby<\/li>\n<li>Pr\u00edprava s\u00fa\u0165a\u017en\u00fdch podkladov na &#8222;k\u013e\u00fa\u010d&#8220;<\/li>\n<li>Management opisn\u00fdch formul\u00e1rov<\/li>\n<li>Projektov\u00fd management procesu obstar\u00e1vania<\/li>\n<li>Spracovanie dokument\u00e1cie<\/li>\n<li>V\u00fdber elektronick\u00e9ho syst\u00e9mu<\/li>\n<\/ul>\n[\/vc_column_text][\/vc_column][\/vc_row][vc_row full_width=&#8220;stretch_row&#8220; css=&#8220;.vc_custom_1580120185092{padding-top: 98px !important;padding-bottom: 95px !important;background-color: #e5e5e5 !important;}&#8220;][vc_column width=&#8220;1\/3&#8243;][vc_single_image image=&#8220;115&#8243; img_size=&#8220;full&#8220; css=&#8220;.vc_custom_1579882874381{padding-top: 14px !important;}&#8220;][\/vc_column][vc_column width=&#8220;2\/3&#8243;][vc_column_text]<a id=\"o-nas\"><\/a>\n<h1>Kto sme a pre\u010do pr\u00e1ve my<\/h1>\n<h3 class=\"p1\">Ak h\u013ead\u00e1te profesion\u00e1lov v t\u00fdchto oblastiach, ste na spr\u00e1vnom mieste<\/h3>\n<p>&nbsp;<\/p>\n<p class=\"p1\">Individu\u00e1lny pr\u00edstup, &#8230;.<\/p>\n[\/vc_column_text][\/vc_column][\/vc_row]\n","protected":false},"excerpt":{"rendered":"<p>[vc_row full_width=&#8220;stretch_row&#8220; parallax=&#8220;content-moving&#8220; parallax_image=&#8220;216&#8243; css=&#8220;.vc_custom_1583868055656{padding-top: 38% !important;}&#8220;][vc_column css=&#8220;.vc_custom_1583859971626{padding-top: 45px !important;padding-bottom: 15px !important;}&#8220;][vc_single_image image=&#8220;53&#8243; img_size=&#8220;full&#8220; alignment=&#8220;center&#8220;][\/vc_column][\/vc_row][vc_row full_width=&#8220;stretch_row&#8220; css=&#8220;.vc_custom_1611154863604{padding-bottom: 20px !important;background-color: #828282 !important;}&#8220;][vc_column el_id=&#8220;`{`ps2id id=&#8217;sluzby&#8216; target=&#8220;\/`}`&#8220;][vc_column_text] it projekty a slu\u017eby, \u0161koliaca \u010dinnos\u0165 Ak h\u013ead\u00e1te profesion\u00e1lov v t\u00fdchto oblastiach, ste na spr\u00e1vnom mieste [\/vc_column_text][vc_raw_html]JTVCcHMyaWQlMjBpZCUzRCUyN3NsdXpieSUyNyUyMHRhcmdldCUzRCUyNyUyNyUyRiU1RA==[\/vc_raw_html][\/vc_column][\/vc_row][vc_row full_width=&#8220;stretch_row&#8220; css=&#8220;.vc_custom_1580487367226{padding-top: 100px !important;padding-bottom: 60px !important;background-color: #ffffff !important;}&#8220;][vc_column width=&#8220;1\/3&#8243;][vc_single_image image=&#8220;199&#8243; img_size=&#8220;full&#8220; alignment=&#8220;center&#8220;][vc_column_text] KYBERNETICK\u00c1 BEZPE\u010cNOS\u0164, ANALYTIKA A REPORTING Realiz\u00e1cia auditov s\u00faladu kybernetickej bezpe\u010dnosti Realiz\u00e1cia s\u00faladu zhody so z\u00e1konom \u010d. 69\/2018Z. z. a z\u00e1konom \u010d. 95\/2019 Rizikov\u00e1 anal\u00fdza N\u00e1vrh bezpe\u010dnostn\u00fdch opatren\u00ed Klasifik\u00e1cia syst\u00e9mov Vizualiz\u00e1cia v\u00fdstupov vr\u00e1tane n\u00e1vrhu analytick\u00e9ho modelu Konzulta\u010dn\u00e9 slu\u017eby [\/vc_column_text][\/vc_column][vc_column width=&#8220;1\/3&#8243;][vc_single_image image=&#8220;198&#8243; img_size=&#8220;full&#8220; alignment=&#8220;center&#8220;][vc_column_text] KOMUNIK\u00c1CIA A KOLABOR\u00c1CIA Konzulta\u010dn\u00e9 slu\u017eby \u0160kolenie a testovacia prev\u00e1dzka Design vhodnej platformy [\/vc_column_text][\/vc_column][vc_column width=&#8220;1\/3&#8243;][vc_single_image image=&#8220;200&#8243; img_size=&#8220;full&#8220; alignment=&#8220;center&#8220;][vc_column_text] VEREJN\u00c9 OBSTAR\u00c1VANIE Konzulta\u010dn\u00e9 slu\u017eby Pr\u00edprava s\u00fa\u0165a\u017en\u00fdch podkladov na &#8222;k\u013e\u00fa\u010d&#8220; Management opisn\u00fdch formul\u00e1rov Projektov\u00fd management procesu obstar\u00e1vania Spracovanie dokument\u00e1cie V\u00fdber elektronick\u00e9ho syst\u00e9mu [\/vc_column_text][\/vc_column][\/vc_row][vc_row full_width=&#8220;stretch_row&#8220; css=&#8220;.vc_custom_1580120185092{padding-top: 98px !important;padding-bottom: 95px !important;background-color: #e5e5e5 !important;}&#8220;][vc_column width=&#8220;1\/3&#8243;][vc_single_image image=&#8220;115&#8243; img_size=&#8220;full&#8220; css=&#8220;.vc_custom_1579882874381{padding-top: 14px !important;}&#8220;][\/vc_column][vc_column width=&#8220;2\/3&#8243;][vc_column_text] Kto sme a pre\u010do pr\u00e1ve my Ak h\u013ead\u00e1te profesion\u00e1lov v t\u00fdchto oblastiach, ste na spr\u00e1vnom mieste &nbsp; Individu\u00e1lny pr\u00edstup, &#8230;. [\/vc_column_text][\/vc_column][\/vc_row]<\/p>\n","protected":false},"author":1,"featured_media":0,"parent":0,"menu_order":0,"comment_status":"closed","ping_status":"closed","template":"","meta":{"footnotes":""},"class_list":["post-117","page","type-page","status-publish","hentry","entry","post-inner"],"_links":{"self":[{"href":"https:\/\/www.tack.sk\/index.php?rest_route=\/wp\/v2\/pages\/117","targetHints":{"allow":["GET"]}}],"collection":[{"href":"https:\/\/www.tack.sk\/index.php?rest_route=\/wp\/v2\/pages"}],"about":[{"href":"https:\/\/www.tack.sk\/index.php?rest_route=\/wp\/v2\/types\/page"}],"author":[{"embeddable":true,"href":"https:\/\/www.tack.sk\/index.php?rest_route=\/wp\/v2\/users\/1"}],"replies":[{"embeddable":true,"href":"https:\/\/www.tack.sk\/index.php?rest_route=%2Fwp%2Fv2%2Fcomments&post=117"}],"version-history":[{"count":51,"href":"https:\/\/www.tack.sk\/index.php?rest_route=\/wp\/v2\/pages\/117\/revisions"}],"predecessor-version":[{"id":271,"href":"https:\/\/www.tack.sk\/index.php?rest_route=\/wp\/v2\/pages\/117\/revisions\/271"}],"wp:attachment":[{"href":"https:\/\/www.tack.sk\/index.php?rest_route=%2Fwp%2Fv2%2Fmedia&parent=117"}],"curies":[{"name":"wp","href":"https:\/\/api.w.org\/{rel}","templated":true}]}}